{"id":594,"date":"2025-11-20T12:05:48","date_gmt":"2025-11-20T10:05:48","guid":{"rendered":"https:\/\/secretariats26.com\/?page_id=594"},"modified":"2025-11-20T12:22:13","modified_gmt":"2025-11-20T10:22:13","slug":"service-standard","status":"publish","type":"page","link":"https:\/\/secretariats26.com\/index.php\/service-standard\/","title":{"rendered":"Service standard"},"content":{"rendered":"<section class=\"s26-container\"><!-- Bloc 1 : Pr\u00e9sentation service --><\/p>\n<div style=\"display: flex; align-items: flex-start; gap: 20px; flex-wrap: wrap;\">\n<p><img decoding=\"async\" class=\"alignnone size-medium wp-image-597 lazyload\" data-src=\"https:\/\/secretariats26.com\/wp-content\/uploads\/2025\/11\/2b776d04-cde6-47d8-b768-2285dfa5e35b-200x300.png\" alt=\"\" width=\"200\" height=\"300\" data-srcset=\"https:\/\/secretariats26.com\/wp-content\/uploads\/2025\/11\/2b776d04-cde6-47d8-b768-2285dfa5e35b-200x300.png 200w, https:\/\/secretariats26.com\/wp-content\/uploads\/2025\/11\/2b776d04-cde6-47d8-b768-2285dfa5e35b-683x1024.png 683w, https:\/\/secretariats26.com\/wp-content\/uploads\/2025\/11\/2b776d04-cde6-47d8-b768-2285dfa5e35b-768x1152.png 768w, https:\/\/secretariats26.com\/wp-content\/uploads\/2025\/11\/2b776d04-cde6-47d8-b768-2285dfa5e35b.png 1024w\" data-sizes=\"(max-width: 200px) 100vw, 200px\" src=\"data:image\/svg+xml;base64,PHN2ZyB3aWR0aD0iMSIgaGVpZ2h0PSIxIiB4bWxucz0iaHR0cDovL3d3dy53My5vcmcvMjAwMC9zdmciPjwvc3ZnPg==\" style=\"--smush-placeholder-width: 200px; --smush-placeholder-aspect-ratio: 200\/300;\" \/><\/p>\n<div style=\"flex: 1; min-width: 250px;\">\n<h2 style=\"font-size: 1.5rem; font-weight: bold; margin-top: 0; text-align: left;\">Standard t\u00e9l\u00e9phonique externalis\u00e9 \u2013 Professionnel, fiable et personnalis\u00e9<\/h2>\n<p style=\"font-size: 1rem; margin: 0 0 1rem; text-align: justify;\">Offrez \u00e0 vos clients un accueil t\u00e9l\u00e9phonique impeccable, m\u00eame lorsque vous \u00eates occup\u00e9\u00b7e ou en d\u00e9placement.<\/p>\n<hr style=\"border: none; border-top: 1px solid #b08a55; margin: 20px 0;\" \/>\n<p style=\"font-size: 1rem; margin: 0 0 1rem; text-align: justify;\">Avec <strong>SECRETARIATS26<\/strong>, votre standard est pris en charge avec professionnalisme : filtrage d\u2019appels,<br \/>\nprise de messages, transfert si n\u00e9cessaire, et suivi personnalis\u00e9 selon vos consignes.<\/p>\n<p style=\"font-size: 1rem; margin: 0 0 1rem; text-align: justify;\">Votre entreprise b\u00e9n\u00e9ficie d\u2019une pr\u00e9sence t\u00e9l\u00e9phonique humaine, chaleureuse et r\u00e9active.<\/p>\n<\/div>\n<\/div>\n<hr style=\"border: none; border-top: 1px solid #b08a55; margin: 20px 0;\" \/>\n<p><!-- Bloc 2 : Liste des services --><\/p>\n<div style=\"display: flex; align-items: flex-start; justify-content: space-between; gap: 20px; flex-wrap: wrap;\">\n<div style=\"flex: 1; min-width: 250px;\">\n<h3 style=\"font-size: 1.25rem; font-weight: bold; margin-top: 0; color: #2b2b2b; text-align: left;\">Ce que je prends en charge pour vous :<\/h3>\n<ul style=\"list-style: square; padding-left: 20px; line-height: 1.6; margin: 0;\">\n<li>Accueil t\u00e9l\u00e9phonique personnalis\u00e9 au nom de votre entreprise<\/li>\n<li>Prise de messages pr\u00e9cise et transmission imm\u00e9diate<\/li>\n<li>Transfert d\u2019appels apr\u00e8s filtrage<\/li>\n<li>Qualification des demandes clients<\/li>\n<li>Filtrage des appels commerciaux ind\u00e9sirables<\/li>\n<li>R\u00e9ponses de premier niveau selon vos consignes<\/li>\n<\/ul>\n<\/div>\n<p><img decoding=\"async\" style=\"--smush-placeholder-width: 200px; --smush-placeholder-aspect-ratio: 200\/300;border-radius: 6px; flex-shrink: 0;\" data-src=\"https:\/\/secretariats26.com\/wp-content\/uploads\/2025\/08\/b4cf92fc-2b0c-457f-977b-f39bea7e8ceb-200x300.png\" alt=\"T\u00e9l\u00e9phonie professionnelle\" width=\"200\" height=\"300\" src=\"data:image\/svg+xml;base64,PHN2ZyB3aWR0aD0iMSIgaGVpZ2h0PSIxIiB4bWxucz0iaHR0cDovL3d3dy53My5vcmcvMjAwMC9zdmciPjwvc3ZnPg==\" class=\"lazyload\" \/><\/p>\n<\/div>\n<hr style=\"border: none; border-top: 1px solid #b08a55; margin: 20px 0;\" \/>\n<p><!-- Bloc 3 : Tarif --><\/p>\n<div style=\"background-color: #faf8f3; border: 1px solid #b08a55; border-radius: 8px; padding: 20px; text-align: center;\">\n<h3 style=\"font-size: 1.25rem; font-weight: bold; color: #2b2b2b; margin-top: 0;\">\ud83d\udcbc Tarification<\/h3>\n<p style=\"font-size: 1rem; margin: 0 0 1rem; color: #2b2b2b;\">\n    Service de standard t\u00e9l\u00e9phonique professionnel,<br \/>\n    au tarif forfaitaire de :\n  <\/p>\n<p style=\"font-size: 1.25rem; font-weight: bold; color: #b08a55; margin: 0;\">\n    150 \u20ac HT \/ mois\n  <\/p>\n<\/div>\n","protected":false},"excerpt":{"rendered":"<p>Standard t\u00e9l\u00e9phonique externalis\u00e9 \u2013 Professionnel, fiable et personnalis\u00e9 Offrez \u00e0 vos clients un accueil t\u00e9l\u00e9phonique impeccable, m\u00eame lorsque vous \u00eates occup\u00e9\u00b7e ou en d\u00e9placement. Avec SECRETARIATS26, votre standard est pris en charge avec professionnalisme : filtrage d\u2019appels, prise de messages, transfert si n\u00e9cessaire, et suivi personnalis\u00e9 selon vos consignes. Votre entreprise b\u00e9n\u00e9ficie d\u2019une pr\u00e9sence t\u00e9l\u00e9phonique [&hellip;]<\/p>\n","protected":false},"author":1,"featured_media":0,"parent":0,"menu_order":0,"comment_status":"closed","ping_status":"closed","template":"","meta":{"footnotes":""},"class_list":["post-594","page","type-page","status-publish","hentry"],"_links":{"self":[{"href":"https:\/\/secretariats26.com\/index.php\/wp-json\/wp\/v2\/pages\/594","targetHints":{"allow":["GET"]}}],"collection":[{"href":"https:\/\/secretariats26.com\/index.php\/wp-json\/wp\/v2\/pages"}],"about":[{"href":"https:\/\/secretariats26.com\/index.php\/wp-json\/wp\/v2\/types\/page"}],"author":[{"embeddable":true,"href":"https:\/\/secretariats26.com\/index.php\/wp-json\/wp\/v2\/users\/1"}],"replies":[{"embeddable":true,"href":"https:\/\/secretariats26.com\/index.php\/wp-json\/wp\/v2\/comments?post=594"}],"version-history":[{"count":4,"href":"https:\/\/secretariats26.com\/index.php\/wp-json\/wp\/v2\/pages\/594\/revisions"}],"predecessor-version":[{"id":596,"href":"https:\/\/secretariats26.com\/index.php\/wp-json\/wp\/v2\/pages\/594\/revisions\/596"}],"wp:attachment":[{"href":"https:\/\/secretariats26.com\/index.php\/wp-json\/wp\/v2\/media?parent=594"}],"curies":[{"name":"wp","href":"https:\/\/api.w.org\/{rel}","templated":true}]}}