{"id":278,"date":"2025-08-11T14:49:47","date_gmt":"2025-08-11T14:49:47","guid":{"rendered":"http:\/\/secretariats26.com\/?page_id=278"},"modified":"2025-09-04T15:16:03","modified_gmt":"2025-09-04T13:16:03","slug":"nos-tarifs","status":"publish","type":"page","link":"https:\/\/secretariats26.com\/index.php\/nos-tarifs\/","title":{"rendered":"Nos Tarifs"},"content":{"rendered":"<section class=\"s26-container\">\n<h1 style=\"font-size:1.5rem; font-weight:700; margin-bottom:20px; text-align:left;\">\n    Nos Tarifs<br \/>\n  <\/h1>\n<p class=\"tarif\" style=\"font-size:1.25rem; font-weight:700; margin-bottom:20px;\">\n    35 \u20ac HT \/ heure\n  <\/p>\n<div class=\"info\" style=\"font-size:1rem; line-height:1.6; text-align:justify;\">\n<p>\n      Nous proposons \u00e9galement des devis personnalis\u00e9s \u00e0 partir de <strong>3 heures par semaine<\/strong> et plus.\n    <\/p>\n<p>\n      Contactez-nous pour obtenir une estimation adapt\u00e9e \u00e0 vos besoins.\n    <\/p>\n<\/p><\/div>\n<\/section>\n","protected":false},"excerpt":{"rendered":"<p>Nos Tarifs 35 \u20ac HT \/ heure Nous proposons \u00e9galement des devis personnalis\u00e9s \u00e0 partir de 3 heures par semaine et plus. Contactez-nous pour obtenir une estimation adapt\u00e9e \u00e0 vos besoins.<\/p>\n","protected":false},"author":1,"featured_media":0,"parent":0,"menu_order":3,"comment_status":"closed","ping_status":"closed","template":"","meta":{"footnotes":""},"class_list":["post-278","page","type-page","status-publish","hentry"],"_links":{"self":[{"href":"https:\/\/secretariats26.com\/index.php\/wp-json\/wp\/v2\/pages\/278","targetHints":{"allow":["GET"]}}],"collection":[{"href":"https:\/\/secretariats26.com\/index.php\/wp-json\/wp\/v2\/pages"}],"about":[{"href":"https:\/\/secretariats26.com\/index.php\/wp-json\/wp\/v2\/types\/page"}],"author":[{"embeddable":true,"href":"https:\/\/secretariats26.com\/index.php\/wp-json\/wp\/v2\/users\/1"}],"replies":[{"embeddable":true,"href":"https:\/\/secretariats26.com\/index.php\/wp-json\/wp\/v2\/comments?post=278"}],"version-history":[{"count":5,"href":"https:\/\/secretariats26.com\/index.php\/wp-json\/wp\/v2\/pages\/278\/revisions"}],"predecessor-version":[{"id":524,"href":"https:\/\/secretariats26.com\/index.php\/wp-json\/wp\/v2\/pages\/278\/revisions\/524"}],"wp:attachment":[{"href":"https:\/\/secretariats26.com\/index.php\/wp-json\/wp\/v2\/media?parent=278"}],"curies":[{"name":"wp","href":"https:\/\/api.w.org\/{rel}","templated":true}]}}